{"id":54,"date":"2020-09-08T11:44:15","date_gmt":"2020-09-08T11:44:15","guid":{"rendered":"http:\/\/industrey-demo.pbminfotech.com\/datasite\/?page_id=15796"},"modified":"2025-09-02T13:04:55","modified_gmt":"2025-09-02T13:04:55","slug":"homepage-3","status":"publish","type":"page","link":"https:\/\/audreyconstruction.com\/fr\/","title":{"rendered":"Homepage 3"},"content":{"rendered":"<div data-elementor-type=\"wp-page\" data-elementor-id=\"54\" class=\"elementor elementor-54\">\n\t\t\t\t\t\t<div class=\"elementor-section elementor-top-section elementor-element elementor-element-70701c7b tstk-bg-color-yes tstk-elementor-bg-color-light elementor-section-stretched tstk-bg-image-over-color tstk-col-stretched-none elementor-section-boxed elementor-section-height-default elementor-section-height-default\" data-id=\"70701c7b\" data-element_type=\"section\" data-e-type=\"section\" data-settings=\"{&quot;stretch_section&quot;:&quot;section-stretched&quot;,&quot;background_background&quot;:&quot;classic&quot;}\">\n\t\t\t\t\t\t<div class=\"elementor-container elementor-column-gap-no\">\n\t\t\t\t\t<div class=\"elementor-column elementor-col-100 elementor-top-column elementor-element elementor-element-3e990475 tstk-bg-color-over-image\" data-id=\"3e990475\" data-element_type=\"column\" data-e-type=\"column\">\n\t\t\t<div class=\"elementor-widget-wrap elementor-element-populated\">\n\t\t\t\t\t\t<div class=\"elementor-element elementor-element-2d95643d tstk-align-left elementor-widget elementor-widget-tstk_service_element\" data-id=\"2d95643d\" data-element_type=\"widget\" data-e-type=\"widget\" data-widget_type=\"tstk_service_element.default\">\n\t\t\t\t<div class=\"elementor-widget-container\">\n\t\t\t\t\t\r\n\t\t<div class=\"themestek-element themestek-element-service tstk-element-service-style-4 themestek-element-viewtype-row-column themestek-gap-0px tstk-infinite-scroll-no tstk-infinite-scroll-button-no\" data-cpt=\"service\" data-totalpagination=\"2\" data-style=\"4\" data-show=\"4\" data-columns=\"4\" data-loop=\"false\" data-autoplay=\"false\" data-center=\"false\" data-nav=\"false\" data-dots=\"false\" data-autoplayspeed=\"1000\" data-lasthalf=\"false\" data-margin=\"0px\"><div class=\"themestek-element-inner\"><div class=\"tstk-infinite-scroll-data\">{\"cpt\":\"service\",\"style\":\"4\",\"columns\":\"4\",\"show\":4,\"order\":\"DESC\",\"orderby\":\"DESC\"}<\/div>\r\n\t\t\t\r\n\t\t\t\t\t\t\t<div class=\"tstk-ele-header-area\">\r\n\t\t\t\t\t\t<div class=\"tstk-heading-subheading left-align\"><\/div>\t\t\t\t<\/div>\r\n\r\n\t\t\t\r\n\t\t\t\r\n\t\t\t<div class=\"tstk-element-posts-wrapper row multi-columns-row\">\r\n\r\n\t\t\t<article class=\"tstk-ele tstk-ele-service tstk-service-style-4 col-md-6 col-lg-3 construction tstk-term-23\"><div class=\"themestek-post-item\">\r\n\t<div class=\"themestek-box-content\">\r\n\t\t<div class=\"themestek-box-content-inner\">\r\n\t\t\t<div class=\"tstk-service-icon-wrapper\">\r\n\t\t\t\t<i class=\"tstk-industrey-icon tstk-industrey-icon-cosmetic\"><\/i>\t\t\t<\/div>\r\n\t\t\t<h3 class=\"tstk-service-title\"><a href=\"https:\/\/audreyconstruction.com\/fr\/service\/building-services\/\">Services du B\u00e2timent<\/a><\/h3>\r\n\t\t\t\t\t\t<div class=\"tstk-service-content\"><p>Soci\u00e9t\u00e9 Audrey Construction, propose des services complets de construction r\u00e9sidentielle et commerciale.<\/p>\n<\/div>\r\n\t\t\t \r\n\t\t\t<div class=\"tstk-service-btn\"> \r\n\t\t\t<a class=\"btn-arrow\" href=\"https:\/\/audreyconstruction.com\/fr\/service\/building-services\/\"><span>Lire Plus<\/span><\/a>\r\n\t\t\t<\/div>\r\n\t\t<\/div>\r\n\t<\/div>\r\n<\/div><\/article><article class=\"tstk-ele tstk-ele-service tstk-service-style-4 col-md-6 col-lg-3 construction tstk-term-23\"><div class=\"themestek-post-item\">\r\n\t<div class=\"themestek-box-content\">\r\n\t\t<div class=\"themestek-box-content-inner\">\r\n\t\t\t<div class=\"tstk-service-icon-wrapper\">\r\n\t\t\t\t<i class=\"tstk-industrey-icon tstk-industrey-icon-truck\"><\/i>\t\t\t<\/div>\r\n\t\t\t<h3 class=\"tstk-service-title\"><a href=\"https:\/\/audreyconstruction.com\/fr\/service\/product-design-manufacture\/\">Traveaux Public<\/a><\/h3>\r\n\t\t\t\t\t\t<div class=\"tstk-service-content\"><p>Nous\naccompagnons les collectivit\u00e9s, les entreprises et les promoteurs dans la r\u00e9alisation de projets durables.<\/p>\n<\/div>\r\n\t\t\t \r\n\t\t\t<div class=\"tstk-service-btn\"> \r\n\t\t\t<a class=\"btn-arrow\" href=\"https:\/\/audreyconstruction.com\/fr\/service\/product-design-manufacture\/\"><span>Lire Plus<\/span><\/a>\r\n\t\t\t<\/div>\r\n\t\t<\/div>\r\n\t<\/div>\r\n<\/div><\/article><article class=\"tstk-ele tstk-ele-service tstk-service-style-4 col-md-6 col-lg-3 industrial tstk-term-25\"><div class=\"themestek-post-item\">\r\n\t<div class=\"themestek-box-content\">\r\n\t\t<div class=\"themestek-box-content-inner\">\r\n\t\t\t<div class=\"tstk-service-icon-wrapper\">\r\n\t\t\t\t<i class=\"tstk-industrey-icon tstk-industrey-icon-vest\"><\/i>\t\t\t<\/div>\r\n\t\t\t<h3 class=\"tstk-service-title\"><a href=\"https:\/\/audreyconstruction.com\/fr\/service\/research-and-manufacture\/\">Genie Civil<\/a><\/h3>\r\n\t\t\t\t\t\t<div class=\"tstk-service-content\"><p>Audrey Construction dispose d\u2019une expertise reconnue dans le domaine du g\u00e9nie civil, en assurant la r\u00e9alisation d\u2019ouvrages techniques.<\/p>\n<\/div>\r\n\t\t\t \r\n\t\t\t<div class=\"tstk-service-btn\"> \r\n\t\t\t<a class=\"btn-arrow\" href=\"https:\/\/audreyconstruction.com\/fr\/service\/research-and-manufacture\/\"><span>Lire Plus<\/span><\/a>\r\n\t\t\t<\/div>\r\n\t\t<\/div>\r\n\t<\/div>\r\n<\/div><\/article><article class=\"tstk-ele tstk-ele-service tstk-service-style-4 col-md-6 col-lg-3 construction tstk-term-23\"><div class=\"themestek-post-item\">\r\n\t<div class=\"themestek-box-content\">\r\n\t\t<div class=\"themestek-box-content-inner\">\r\n\t\t\t<div class=\"tstk-service-icon-wrapper\">\r\n\t\t\t\t<i class=\"tstk-industrey-icon tstk-industrey-icon-guarantee\"><\/i>\t\t\t<\/div>\r\n\t\t\t<h3 class=\"tstk-service-title\"><a href=\"https:\/\/audreyconstruction.com\/fr\/service\/petroleum-gas-engineering\/\">\u00c9tudes et Conception<\/a><\/h3>\r\n\t\t\t\t\t\t<div class=\"tstk-service-content\"><p>Chez SAC, chaque projet commence par une\n\u00e9tude approfondie et une conception soign\u00e9e, garantes de la ...<\/p>\n<\/div>\r\n\t\t\t \r\n\t\t\t<div class=\"tstk-service-btn\"> \r\n\t\t\t<a class=\"btn-arrow\" href=\"https:\/\/audreyconstruction.com\/fr\/service\/petroleum-gas-engineering\/\"><span>Lire Plus<\/span><\/a>\r\n\t\t\t<\/div>\r\n\t\t<\/div>\r\n\t<\/div>\r\n<\/div><\/article>\r\n\t\t\t<\/div> <!-- .tstk-element-posts-wrapper -->\r\n\r\n\t\t\t\r\n\t\t\t\r\n\t\t\t\r\n\t\t\r\n\t\t\r\n\t\t<\/div><!-- .themestek-element-inner -->   <\/div><!-- .themestek-element -->  \r\n\t    \t\t\t\t<\/div>\n\t\t\t\t<\/div>\n\t\t\t\t\t<\/div>\n\t\t<\/div>\n\t\t\t\t\t<\/div>\n\t\t<\/div>\n\t\t\t\t<section class=\"elementor-section elementor-top-section elementor-element elementor-element-19473408 tstk-col-stretched-none tstk-bg-color-over-image elementor-section-boxed elementor-section-height-default elementor-section-height-default\" data-id=\"19473408\" data-element_type=\"section\" data-e-type=\"section\">\n\t\t\t\t\t\t<div class=\"elementor-container elementor-column-gap-no\">\n\t\t\t\t\t<div class=\"elementor-column elementor-col-25 elementor-top-column elementor-element elementor-element-576ef3d5 tstk-fid-style-2 tstk-bg-color-over-image\" data-id=\"576ef3d5\" data-element_type=\"column\" data-e-type=\"column\">\n\t\t\t<div class=\"elementor-widget-wrap elementor-element-populated\">\n\t\t\t\t\t\t<div class=\"elementor-element elementor-element-1b8770a5 elementor-widget elementor-widget-tstk_fid_element\" data-id=\"1b8770a5\" data-element_type=\"widget\" data-e-type=\"widget\" data-widget_type=\"tstk_fid_element.default\">\n\t\t\t\t<div class=\"elementor-widget-container\">\n\t\t\t\t\t<div class=\"themestek-ele themestek-ele-fid themestek-ele-fid-style-2\"><div class=\"tstk-fld-contents\">\r\n\t<div class=\"tstk-fld-wrap d-flex align-items-center\">\r\n\t\t<div class=\"tstk-sbox-icon-wrapper tstk-icon-type-icon\"><i class=\"tstk-industrey-icon tstk-industrey-icon-oil-industry\"><\/i><\/div>\t\t<h4 class=\"tstk-fid-inner\">\r\n\t\t\t\t\t\t<span class=\"tstk-number-rotate\" data-appear-animation=\"animateDigits\" data-from=\"0\" data-to=\"35\" data-interval=\"5\" data-before=\"\" data-before-style=\"\" data-after=\"\" data-after-style=\"\">\r\n\t\t\t35\t\t\t<\/span><span class=\"tstk-fid\"><\/span>\r\n\t\t<\/h4>\r\n\t<\/div>\r\n\t\t\t\t<div class=\"tstk-fid-title\"><span>Projets R\u00e9alis\u00e9s<\/span><\/div>\r\n\t\t<\/div><!-- .tstk-fld-contents -->\r\n<\/div>\t\t\t\t<\/div>\n\t\t\t\t<\/div>\n\t\t\t\t\t<\/div>\n\t\t<\/div>\n\t\t\t\t<div class=\"elementor-column elementor-col-25 elementor-top-column elementor-element elementor-element-23311f30 tstk-fid-style-2 tstk-bg-color-over-image\" data-id=\"23311f30\" data-element_type=\"column\" data-e-type=\"column\">\n\t\t\t<div class=\"elementor-widget-wrap elementor-element-populated\">\n\t\t\t\t\t\t<div class=\"elementor-element elementor-element-693d8eb6 elementor-widget elementor-widget-tstk_fid_element\" data-id=\"693d8eb6\" data-element_type=\"widget\" data-e-type=\"widget\" data-widget_type=\"tstk_fid_element.default\">\n\t\t\t\t<div class=\"elementor-widget-container\">\n\t\t\t\t\t<div class=\"themestek-ele themestek-ele-fid themestek-ele-fid-style-2\"><div class=\"tstk-fld-contents\">\r\n\t<div class=\"tstk-fld-wrap d-flex align-items-center\">\r\n\t\t<div class=\"tstk-sbox-icon-wrapper tstk-icon-type-icon\"><i class=\"tstk-industrey-icon tstk-industrey-icon-world\"><\/i><\/div>\t\t<h4 class=\"tstk-fid-inner\">\r\n\t\t\t\t\t\t<span class=\"tstk-number-rotate\" data-appear-animation=\"animateDigits\" data-from=\"0\" data-to=\"5\" data-interval=\"5\" data-before=\"\" data-before-style=\"\" data-after=\"\" data-after-style=\"\">\r\n\t\t\t5\t\t\t<\/span><span class=\"tstk-fid\"><\/span>\r\n\t\t<\/h4>\r\n\t<\/div>\r\n\t\t\t\t<div class=\"tstk-fid-title\"><span>Fournisseurs mondiaux<\/span><\/div>\r\n\t\t<\/div><!-- .tstk-fld-contents -->\r\n<\/div>\t\t\t\t<\/div>\n\t\t\t\t<\/div>\n\t\t\t\t\t<\/div>\n\t\t<\/div>\n\t\t\t\t<div class=\"elementor-column elementor-col-25 elementor-top-column elementor-element elementor-element-5fc59a8c tstk-fid-style-2 tstk-bg-color-over-image\" data-id=\"5fc59a8c\" data-element_type=\"column\" data-e-type=\"column\">\n\t\t\t<div class=\"elementor-widget-wrap elementor-element-populated\">\n\t\t\t\t\t\t<div class=\"elementor-element elementor-element-62121c0c elementor-widget elementor-widget-tstk_fid_element\" data-id=\"62121c0c\" data-element_type=\"widget\" data-e-type=\"widget\" data-widget_type=\"tstk_fid_element.default\">\n\t\t\t\t<div class=\"elementor-widget-container\">\n\t\t\t\t\t<div class=\"themestek-ele themestek-ele-fid themestek-ele-fid-style-2\"><div class=\"tstk-fld-contents\">\r\n\t<div class=\"tstk-fld-wrap d-flex align-items-center\">\r\n\t\t<div class=\"tstk-sbox-icon-wrapper tstk-icon-type-icon\"><i class=\"tstk-industrey-icon tstk-industrey-icon-certificate\"><\/i><\/div>\t\t<h4 class=\"tstk-fid-inner\">\r\n\t\t\t\t\t\t<span class=\"tstk-number-rotate\" data-appear-animation=\"animateDigits\" data-from=\"0\" data-to=\"1\" data-interval=\"5\" data-before=\"\" data-before-style=\"\" data-after=\"\" data-after-style=\"\">\r\n\t\t\t1\t\t\t<\/span><span class=\"tstk-fid\"><\/span>\r\n\t\t<\/h4>\r\n\t<\/div>\r\n\t\t\t\t<div class=\"tstk-fid-title\"><span>R\u00e9compenses\n<\/span><\/div>\r\n\t\t<\/div><!-- .tstk-fld-contents -->\r\n<\/div>\t\t\t\t<\/div>\n\t\t\t\t<\/div>\n\t\t\t\t\t<\/div>\n\t\t<\/div>\n\t\t\t\t<div class=\"elementor-column elementor-col-25 elementor-top-column elementor-element elementor-element-33ca23e5 tstk-bg-color-over-image\" data-id=\"33ca23e5\" data-element_type=\"column\" data-e-type=\"column\">\n\t\t\t<div class=\"elementor-widget-wrap elementor-element-populated\">\n\t\t\t\t\t\t<div class=\"elementor-element elementor-element-536815e1 elementor-widget elementor-widget-tstk_fid_element\" data-id=\"536815e1\" data-element_type=\"widget\" data-e-type=\"widget\" data-widget_type=\"tstk_fid_element.default\">\n\t\t\t\t<div class=\"elementor-widget-container\">\n\t\t\t\t\t<div class=\"themestek-ele themestek-ele-fid themestek-ele-fid-style-2\"><div class=\"tstk-fld-contents\">\r\n\t<div class=\"tstk-fld-wrap d-flex align-items-center\">\r\n\t\t<div class=\"tstk-sbox-icon-wrapper tstk-icon-type-icon\"><i class=\"tstk-industrey-icon tstk-industrey-icon-professional\"><\/i><\/div>\t\t<h4 class=\"tstk-fid-inner\">\r\n\t\t\t\t\t\t<span class=\"tstk-number-rotate\" data-appear-animation=\"animateDigits\" data-from=\"0\" data-to=\"35\" data-interval=\"5\" data-before=\"\" data-before-style=\"\" data-after=\"\" data-after-style=\"\">\r\n\t\t\t35\t\t\t<\/span><span class=\"tstk-fid\"><\/span>\r\n\t\t<\/h4>\r\n\t<\/div>\r\n\t\t\t\t<div class=\"tstk-fid-title\"><span>Nombre d'Employ\u00e9s<\/span><\/div>\r\n\t\t<\/div><!-- .tstk-fld-contents -->\r\n<\/div>\t\t\t\t<\/div>\n\t\t\t\t<\/div>\n\t\t\t\t\t<\/div>\n\t\t<\/div>\n\t\t\t\t\t<\/div>\n\t\t<\/section>\n\t\t\t\t<\/div>","protected":false},"excerpt":{"rendered":"<p>{&#8220;cpt&#8221;:&#8221;service&#8221;,&#8221;style&#8221;:&#8221;4&#8243;,&#8221;columns&#8221;:&#8221;4&#8243;,&#8221;show&#8221;:4,&#8221;order&#8221;:&#8221;DESC&#8221;,&#8221;orderby&#8221;:&#8221;DESC&#8221;} Building Services Audrey Construction delivers high-standard residential and commercial construction services. Read More Public Works we operates in public works, handling the creation, rehabilitation, and maintenance of key urban and rural infrastructure. Read More Civil Engineering Audrey Construction has proven expertise in civil engineering, delivering large-scale technical projects. Read More Planning and Design At Audrey Construction, every project begins with thorough studies and careful design to ensure its success.[&hellip;]<\/p>\n","protected":false},"author":1,"featured_media":0,"parent":0,"menu_order":2,"comment_status":"closed","ping_status":"closed","template":"","meta":{"_acf_changed":false,"footnotes":""},"class_list":["post-54","page","type-page","status-publish","hentry"],"acf":[],"_links":{"self":[{"href":"https:\/\/audreyconstruction.com\/fr\/wp-json\/wp\/v2\/pages\/54","targetHints":{"allow":["GET"]}}],"collection":[{"href":"https:\/\/audreyconstruction.com\/fr\/wp-json\/wp\/v2\/pages"}],"about":[{"href":"https:\/\/audreyconstruction.com\/fr\/wp-json\/wp\/v2\/types\/page"}],"author":[{"embeddable":true,"href":"https:\/\/audreyconstruction.com\/fr\/wp-json\/wp\/v2\/users\/1"}],"replies":[{"embeddable":true,"href":"https:\/\/audreyconstruction.com\/fr\/wp-json\/wp\/v2\/comments?post=54"}],"version-history":[{"count":15,"href":"https:\/\/audreyconstruction.com\/fr\/wp-json\/wp\/v2\/pages\/54\/revisions"}],"predecessor-version":[{"id":647,"href":"https:\/\/audreyconstruction.com\/fr\/wp-json\/wp\/v2\/pages\/54\/revisions\/647"}],"wp:attachment":[{"href":"https:\/\/audreyconstruction.com\/fr\/wp-json\/wp\/v2\/media?parent=54"}],"curies":[{"name":"wp","href":"https:\/\/api.w.org\/{rel}","templated":true}]}}