{"id":55,"date":"2020-08-12T05:16:40","date_gmt":"2020-08-12T05:16:40","guid":{"rendered":"http:\/\/industrey-demo.pbminfotech.com\/?page_id=14985"},"modified":"2025-07-27T09:04:00","modified_gmt":"2025-07-27T09:04:00","slug":"services","status":"publish","type":"page","link":"https:\/\/audreyconstruction.com\/fr\/services\/","title":{"rendered":"Nos Services"},"content":{"rendered":"<div data-elementor-type=\"wp-page\" data-elementor-id=\"55\" class=\"elementor elementor-55\">\n\t\t\t\t\t\t<section class=\"elementor-section elementor-top-section elementor-element elementor-element-4977c2da tstk-col-stretched-none tstk-bg-color-over-image elementor-section-boxed elementor-section-height-default elementor-section-height-default\" data-id=\"4977c2da\" data-element_type=\"section\" data-e-type=\"section\">\n\t\t\t\t\t\t<div class=\"elementor-container elementor-column-gap-default\">\n\t\t\t\t\t<div class=\"elementor-column elementor-col-100 elementor-top-column elementor-element elementor-element-ffb1154 tstk-bg-color-over-image\" data-id=\"ffb1154\" data-element_type=\"column\" data-e-type=\"column\">\n\t\t\t<div class=\"elementor-widget-wrap elementor-element-populated\">\n\t\t\t\t\t\t<div class=\"elementor-element elementor-element-77229cb tstk-align-left elementor-widget elementor-widget-tstk_service_element\" data-id=\"77229cb\" data-element_type=\"widget\" data-e-type=\"widget\" data-widget_type=\"tstk_service_element.default\">\n\t\t\t\t<div class=\"elementor-widget-container\">\n\t\t\t\t\t\r\n\t\t<div class=\"themestek-element themestek-element-service tstk-element-service-style-1 themestek-element-viewtype-row-column themestek-gap-15px tstk-infinite-scroll-no tstk-infinite-scroll-button-no\" data-cpt=\"service\" data-totalpagination=\"1\" data-style=\"1\" data-show=\"6\" data-columns=\"3\" data-loop=\"false\" data-autoplay=\"false\" data-center=\"false\" data-nav=\"false\" data-dots=\"false\" data-autoplayspeed=\"1000\" data-lasthalf=\"false\" data-margin=\"15px\"><div class=\"themestek-element-inner\"><div class=\"tstk-infinite-scroll-data\">{\"cpt\":\"service\",\"style\":\"1\",\"columns\":\"3\",\"show\":\"6\",\"order\":\"DESC\",\"orderby\":\"DESC\"}<\/div>\r\n\t\t\t\r\n\t\t\t\t\t\t\t<div class=\"tstk-ele-header-area\">\r\n\t\t\t\t\t\t<div class=\"tstk-heading-subheading left-align\"><\/div>\t\t\t\t<\/div>\r\n\r\n\t\t\t\r\n\t\t\t\r\n\t\t\t<div class=\"tstk-element-posts-wrapper row multi-columns-row\">\r\n\r\n\t\t\t<article class=\"tstk-ele tstk-ele-service tstk-service-style-1 col-md-4 construction tstk-term-23\">\t<div class=\"themestek-post-item\">\r\n\t\t<div class=\"tstk-service-img-wrapper\">\r\n\t\t\t<div class=\"tstk-featured-wrapper\"><a href=\"https:\/\/audreyconstruction.com\/fr\/service\/building-services\/\"><img fetchpriority=\"high\" decoding=\"async\" width=\"770\" height=\"550\" src=\"https:\/\/audreyconstruction.com\/wp-content\/uploads\/2020\/06\/Building-Services-770x550.jpg\" class=\"attachment-tstk-img-770x550 size-tstk-img-770x550 wp-post-image\" alt=\"\" \/><\/a><\/div>\t\t<\/div>\t\r\n\t\t<div class=\"themestek-box-content\">\r\n\t\t\t<div class=\"themestek-box-content-inner\">\r\n\t\t\t\t<div class=\"d-flex justify-content-between align-items-center\">\r\n\t\t\t\t\t<h3 class=\"tstk-service-title\"><a href=\"https:\/\/audreyconstruction.com\/fr\/service\/building-services\/\">Services du B\u00e2timent<\/a><\/h3>\r\n\t\t\t\t\t<div class=\"tstk-service-icon-wrapper\">\r\n\t\t\t\t\t\t<i class=\"tstk-industrey-icon tstk-industrey-icon-cosmetic\"><\/i>\t\t\t\t\t<\/div>\r\n\t\t\t\t<\/div>\r\n\t\t\t\t\t\t\t\t<div class=\"tstk-service-content\"><p>Soci\u00e9t\u00e9 Audrey Construction, propose des services complets de construction r\u00e9sidentielle et commerciale.<\/p>\n<\/div>\r\n\t\t\t\t\t\t\t\t<div class=\"tstk-service-btn\"> \r\n\t\t\t\t<a class=\"btn-arrow\" href=\"https:\/\/audreyconstruction.com\/fr\/service\/building-services\/\"><span>Afficher Plus<\/span><\/a>\r\n\t\t\t\t<\/div>\r\n\t\t\t<\/div>\r\n\t\t<\/div>\r\n\t<\/div><\/article><article class=\"tstk-ele tstk-ele-service tstk-service-style-1 col-md-4 construction tstk-term-23\">\t<div class=\"themestek-post-item\">\r\n\t\t<div class=\"tstk-service-img-wrapper\">\r\n\t\t\t<div class=\"tstk-featured-wrapper\"><a href=\"https:\/\/audreyconstruction.com\/fr\/service\/product-design-manufacture\/\"><img decoding=\"async\" width=\"770\" height=\"550\" src=\"https:\/\/audreyconstruction.com\/wp-content\/uploads\/2020\/06\/Public-Work-1-770x550.jpg\" class=\"attachment-tstk-img-770x550 size-tstk-img-770x550 wp-post-image\" alt=\"\" \/><\/a><\/div>\t\t<\/div>\t\r\n\t\t<div class=\"themestek-box-content\">\r\n\t\t\t<div class=\"themestek-box-content-inner\">\r\n\t\t\t\t<div class=\"d-flex justify-content-between align-items-center\">\r\n\t\t\t\t\t<h3 class=\"tstk-service-title\"><a href=\"https:\/\/audreyconstruction.com\/fr\/service\/product-design-manufacture\/\">Traveaux Public<\/a><\/h3>\r\n\t\t\t\t\t<div class=\"tstk-service-icon-wrapper\">\r\n\t\t\t\t\t\t<i class=\"tstk-industrey-icon tstk-industrey-icon-truck\"><\/i>\t\t\t\t\t<\/div>\r\n\t\t\t\t<\/div>\r\n\t\t\t\t\t\t\t\t<div class=\"tstk-service-content\"><p>Nous\naccompagnons les collectivit\u00e9s, les entreprises et les promoteurs dans la r\u00e9alisation de projets durables.<\/p>\n<\/div>\r\n\t\t\t\t\t\t\t\t<div class=\"tstk-service-btn\"> \r\n\t\t\t\t<a class=\"btn-arrow\" href=\"https:\/\/audreyconstruction.com\/fr\/service\/product-design-manufacture\/\"><span>Afficher Plus<\/span><\/a>\r\n\t\t\t\t<\/div>\r\n\t\t\t<\/div>\r\n\t\t<\/div>\r\n\t<\/div><\/article><article class=\"tstk-ele tstk-ele-service tstk-service-style-1 col-md-4 industrial tstk-term-25\">\t<div class=\"themestek-post-item\">\r\n\t\t<div class=\"tstk-service-img-wrapper\">\r\n\t\t\t<div class=\"tstk-featured-wrapper\"><a href=\"https:\/\/audreyconstruction.com\/fr\/service\/research-and-manufacture\/\"><img decoding=\"async\" width=\"770\" height=\"550\" src=\"https:\/\/audreyconstruction.com\/wp-content\/uploads\/2020\/06\/Civil-Engineering-770x550.jpg\" class=\"attachment-tstk-img-770x550 size-tstk-img-770x550 wp-post-image\" alt=\"\" \/><\/a><\/div>\t\t<\/div>\t\r\n\t\t<div class=\"themestek-box-content\">\r\n\t\t\t<div class=\"themestek-box-content-inner\">\r\n\t\t\t\t<div class=\"d-flex justify-content-between align-items-center\">\r\n\t\t\t\t\t<h3 class=\"tstk-service-title\"><a href=\"https:\/\/audreyconstruction.com\/fr\/service\/research-and-manufacture\/\">Genie Civil<\/a><\/h3>\r\n\t\t\t\t\t<div class=\"tstk-service-icon-wrapper\">\r\n\t\t\t\t\t\t<i class=\"tstk-industrey-icon tstk-industrey-icon-vest\"><\/i>\t\t\t\t\t<\/div>\r\n\t\t\t\t<\/div>\r\n\t\t\t\t\t\t\t\t<div class=\"tstk-service-content\"><p>Audrey Construction dispose d\u2019une expertise reconnue dans le domaine du g\u00e9nie civil, en assurant la r\u00e9alisation d\u2019ouvrages techniques.<\/p>\n<\/div>\r\n\t\t\t\t\t\t\t\t<div class=\"tstk-service-btn\"> \r\n\t\t\t\t<a class=\"btn-arrow\" href=\"https:\/\/audreyconstruction.com\/fr\/service\/research-and-manufacture\/\"><span>Afficher Plus<\/span><\/a>\r\n\t\t\t\t<\/div>\r\n\t\t\t<\/div>\r\n\t\t<\/div>\r\n\t<\/div><\/article><article class=\"tstk-ele tstk-ele-service tstk-service-style-1 col-md-4 construction tstk-term-23\">\t<div class=\"themestek-post-item\">\r\n\t\t<div class=\"tstk-service-img-wrapper\">\r\n\t\t\t<div class=\"tstk-featured-wrapper\"><a href=\"https:\/\/audreyconstruction.com\/fr\/service\/petroleum-gas-engineering\/\"><img loading=\"lazy\" decoding=\"async\" width=\"770\" height=\"550\" src=\"https:\/\/audreyconstruction.com\/wp-content\/uploads\/2020\/06\/Design-and-Drawings-770x550.jpg\" class=\"attachment-tstk-img-770x550 size-tstk-img-770x550 wp-post-image\" alt=\"\" \/><\/a><\/div>\t\t<\/div>\t\r\n\t\t<div class=\"themestek-box-content\">\r\n\t\t\t<div class=\"themestek-box-content-inner\">\r\n\t\t\t\t<div class=\"d-flex justify-content-between align-items-center\">\r\n\t\t\t\t\t<h3 class=\"tstk-service-title\"><a href=\"https:\/\/audreyconstruction.com\/fr\/service\/petroleum-gas-engineering\/\">\u00c9tudes et Conception<\/a><\/h3>\r\n\t\t\t\t\t<div class=\"tstk-service-icon-wrapper\">\r\n\t\t\t\t\t\t<i class=\"tstk-industrey-icon tstk-industrey-icon-guarantee\"><\/i>\t\t\t\t\t<\/div>\r\n\t\t\t\t<\/div>\r\n\t\t\t\t\t\t\t\t<div class=\"tstk-service-content\"><p>Chez SAC, chaque projet commence par une\n\u00e9tude approfondie et une conception soign\u00e9e, garantes de la ...<\/p>\n<\/div>\r\n\t\t\t\t\t\t\t\t<div class=\"tstk-service-btn\"> \r\n\t\t\t\t<a class=\"btn-arrow\" href=\"https:\/\/audreyconstruction.com\/fr\/service\/petroleum-gas-engineering\/\"><span>Afficher Plus<\/span><\/a>\r\n\t\t\t\t<\/div>\r\n\t\t\t<\/div>\r\n\t\t<\/div>\r\n\t<\/div><\/article><article class=\"tstk-ele tstk-ele-service tstk-service-style-1 col-md-4 industrial tstk-term-25\">\t<div class=\"themestek-post-item\">\r\n\t\t<div class=\"tstk-service-img-wrapper\">\r\n\t\t\t<div class=\"tstk-featured-wrapper\"><a href=\"https:\/\/audreyconstruction.com\/fr\/service\/improve-production-processes\/\"><img loading=\"lazy\" decoding=\"async\" width=\"770\" height=\"550\" src=\"https:\/\/audreyconstruction.com\/wp-content\/uploads\/2020\/06\/Rental-770x550.jpg\" class=\"attachment-tstk-img-770x550 size-tstk-img-770x550 wp-post-image\" alt=\"\" \/><\/a><\/div>\t\t<\/div>\t\r\n\t\t<div class=\"themestek-box-content\">\r\n\t\t\t<div class=\"themestek-box-content-inner\">\r\n\t\t\t\t<div class=\"d-flex justify-content-between align-items-center\">\r\n\t\t\t\t\t<h3 class=\"tstk-service-title\"><a href=\"https:\/\/audreyconstruction.com\/fr\/service\/improve-production-processes\/\">location d'engins de chantier<\/a><\/h3>\r\n\t\t\t\t\t<div class=\"tstk-service-icon-wrapper\">\r\n\t\t\t\t\t\t<i class=\"tstk-industrey-icon tstk-industrey-icon-factory-2\"><\/i>\t\t\t\t\t<\/div>\r\n\t\t\t\t<\/div>\r\n\t\t\t\t\t\t\t\t<div class=\"tstk-service-content\"><p>Nous mettons\n\u00e0 disposition une large gamme d\u2019engins de chantier et d'outillage,\nadapt\u00e9s \u00e0 tous types de travaux.<\/p>\n<\/div>\r\n\t\t\t\t\t\t\t\t<div class=\"tstk-service-btn\"> \r\n\t\t\t\t<a class=\"btn-arrow\" href=\"https:\/\/audreyconstruction.com\/fr\/service\/improve-production-processes\/\"><span>Afficher Plus<\/span><\/a>\r\n\t\t\t\t<\/div>\r\n\t\t\t<\/div>\r\n\t\t<\/div>\r\n\t<\/div><\/article>\r\n\t\t\t<\/div> <!-- .tstk-element-posts-wrapper -->\r\n\r\n\t\t\t\r\n\t\t\t\r\n\t\t\t\r\n\t\t\r\n\t\t\r\n\t\t<\/div><!-- .themestek-element-inner -->   <\/div><!-- .themestek-element -->  \r\n\t    \t\t\t\t<\/div>\n\t\t\t\t<\/div>\n\t\t\t\t\t<\/div>\n\t\t<\/div>\n\t\t\t\t\t<\/div>\n\t\t<\/section>\n\t\t\t\t<\/div>","protected":false},"excerpt":{"rendered":"<p>{&#8220;cpt&#8221;:&#8221;service&#8221;,&#8221;style&#8221;:&#8221;1&#8243;,&#8221;columns&#8221;:&#8221;3&#8243;,&#8221;show&#8221;:&#8221;6&#8243;,&#8221;order&#8221;:&#8221;DESC&#8221;,&#8221;orderby&#8221;:&#8221;DESC&#8221;} Building Services Audrey Construction delivers high-standard residential and commercial construction services. View More Public Works we operates in public works, handling the creation, rehabilitation, and maintenance of key urban and rural infrastructure. View More Civil Engineering Audrey Construction has proven expertise in civil engineering, delivering large-scale technical projects. View More Planning and Design At Audrey Construction, every project begins with thorough studies and careful design to ensure its success.[&hellip;]<\/p>\n","protected":false},"author":1,"featured_media":0,"parent":0,"menu_order":8,"comment_status":"closed","ping_status":"closed","template":"","meta":{"_acf_changed":false,"footnotes":""},"class_list":["post-55","page","type-page","status-publish","hentry"],"acf":[],"_links":{"self":[{"href":"https:\/\/audreyconstruction.com\/fr\/wp-json\/wp\/v2\/pages\/55","targetHints":{"allow":["GET"]}}],"collection":[{"href":"https:\/\/audreyconstruction.com\/fr\/wp-json\/wp\/v2\/pages"}],"about":[{"href":"https:\/\/audreyconstruction.com\/fr\/wp-json\/wp\/v2\/types\/page"}],"author":[{"embeddable":true,"href":"https:\/\/audreyconstruction.com\/fr\/wp-json\/wp\/v2\/users\/1"}],"replies":[{"embeddable":true,"href":"https:\/\/audreyconstruction.com\/fr\/wp-json\/wp\/v2\/comments?post=55"}],"version-history":[{"count":21,"href":"https:\/\/audreyconstruction.com\/fr\/wp-json\/wp\/v2\/pages\/55\/revisions"}],"predecessor-version":[{"id":390,"href":"https:\/\/audreyconstruction.com\/fr\/wp-json\/wp\/v2\/pages\/55\/revisions\/390"}],"wp:attachment":[{"href":"https:\/\/audreyconstruction.com\/fr\/wp-json\/wp\/v2\/media?parent=55"}],"curies":[{"name":"wp","href":"https:\/\/api.w.org\/{rel}","templated":true}]}}