{"id":60,"date":"2020-06-03T09:25:39","date_gmt":"2020-06-03T09:25:39","guid":{"rendered":"http:\/\/industrey-demo.pbminfotech.com\/demo1\/?page_id=12842"},"modified":"2025-09-01T10:27:33","modified_gmt":"2025-09-01T10:27:33","slug":"contact-us","status":"publish","type":"page","link":"https:\/\/audreyconstruction.com\/fr\/contact-us\/","title":{"rendered":"Contactez Nous"},"content":{"rendered":"<div data-elementor-type=\"wp-page\" data-elementor-id=\"60\" class=\"elementor elementor-60\">\n\t\t\t\t\t\t<section class=\"elementor-section elementor-top-section elementor-element elementor-element-3242179c tstk-col-stretched-none tstk-bg-color-over-image elementor-section-boxed elementor-section-height-default elementor-section-height-default\" data-id=\"3242179c\" data-element_type=\"section\" data-e-type=\"section\">\n\t\t\t\t\t\t<div class=\"elementor-container elementor-column-gap-default\">\n\t\t\t\t\t<div class=\"elementor-column elementor-col-100 elementor-top-column elementor-element elementor-element-9ad1a32 tstk-bg-color-over-image\" data-id=\"9ad1a32\" data-element_type=\"column\" data-e-type=\"column\">\n\t\t\t<div class=\"elementor-widget-wrap elementor-element-populated\">\n\t\t\t\t\t\t<div class=\"elementor-element elementor-element-1cdf8167 elementor-widget elementor-widget-text-editor\" data-id=\"1cdf8167\" data-element_type=\"widget\" data-e-type=\"widget\" data-widget_type=\"text-editor.default\">\n\t\t\t\t<div class=\"elementor-widget-container\">\n\t\t\t\t\t\t\t\t\t<h2>\u00a0<\/h2><h2>Contactez Nous\u00a0!<\/h2><p>Vous avez un projet de construction, de r\u00e9novation ou d'infrastructure ?<br \/>Vous souhaitez en savoir plus sur nos services ou demander un devis personnalis\u00e9 ?<\/p><p>L'\u00e9quipe de la Societe Audrey Construction est l\u00e0 pour vous!<\/p><h2>Notre Localisation<\/h2><p>Grand Immeuble sur la droite de la PMI de Louis \/ 2e \u00e9tages \/ Bureau 2A.<\/p><h2>Num\u00e9ro de t\u00e9l\u00e9phone<\/h2><p>+241 62 03 99 37<br \/>+241 74 20 29 43<!-- .tstk-ihbox-contents --><\/p><h2>Address Email<\/h2><p>infos@audreyconstruction.com<\/p><article><\/article><p><!-- .tstk-ihbox-contents --><\/p>\t\t\t\t\t\t\t\t<\/div>\n\t\t\t\t<\/div>\n\t\t\t\t\t<\/div>\n\t\t<\/div>\n\t\t\t\t\t<\/div>\n\t\t<\/section>\n\t\t\t\t<\/div>","protected":false},"excerpt":{"rendered":"<p>\u00a0 You can connect with us when need help! Do you have a construction, renovation, or infrastructure project?Want to learn more about our services or request a personalized quote? The Audrey Construction team is here for you! Our Location Grand Immeuble sur la droite de la PMI de Louis \/ 2e \u00e9tages \/ Bureau 2A. Phone Number +241 62 03 99 37+241 74 20 29 43 Email Address infos@audreyconstruction.com<\/p>","protected":false},"author":1,"featured_media":0,"parent":0,"menu_order":14,"comment_status":"closed","ping_status":"closed","template":"","meta":{"_acf_changed":false,"footnotes":""},"class_list":["post-60","page","type-page","status-publish","hentry"],"acf":[],"_links":{"self":[{"href":"https:\/\/audreyconstruction.com\/fr\/wp-json\/wp\/v2\/pages\/60","targetHints":{"allow":["GET"]}}],"collection":[{"href":"https:\/\/audreyconstruction.com\/fr\/wp-json\/wp\/v2\/pages"}],"about":[{"href":"https:\/\/audreyconstruction.com\/fr\/wp-json\/wp\/v2\/types\/page"}],"author":[{"embeddable":true,"href":"https:\/\/audreyconstruction.com\/fr\/wp-json\/wp\/v2\/users\/1"}],"replies":[{"embeddable":true,"href":"https:\/\/audreyconstruction.com\/fr\/wp-json\/wp\/v2\/comments?post=60"}],"version-history":[{"count":26,"href":"https:\/\/audreyconstruction.com\/fr\/wp-json\/wp\/v2\/pages\/60\/revisions"}],"predecessor-version":[{"id":610,"href":"https:\/\/audreyconstruction.com\/fr\/wp-json\/wp\/v2\/pages\/60\/revisions\/610"}],"wp:attachment":[{"href":"https:\/\/audreyconstruction.com\/fr\/wp-json\/wp\/v2\/media?parent=60"}],"curies":[{"name":"wp","href":"https:\/\/api.w.org\/{rel}","templated":true}]}}