{"id":65,"date":"2020-05-30T03:47:46","date_gmt":"2020-05-30T03:47:46","guid":{"rendered":"http:\/\/industrey-demo.pbminfotech.com\/demo1\/?page_id=12661"},"modified":"2025-09-01T14:10:50","modified_gmt":"2025-09-01T14:10:50","slug":"about-us","status":"publish","type":"page","link":"https:\/\/audreyconstruction.com\/fr\/about-us\/","title":{"rendered":"Notre identit\u00e9"},"content":{"rendered":"<div data-elementor-type=\"wp-page\" data-elementor-id=\"65\" class=\"elementor elementor-65\">\n\t\t\t\t\t\t<section class=\"elementor-section elementor-top-section elementor-element elementor-element-2d5175a elementor-section-stretched elementor-section-content-middle tstk-col-stretched-none tstk-bg-color-over-image elementor-section-boxed elementor-section-height-default elementor-section-height-default\" data-id=\"2d5175a\" data-element_type=\"section\" data-e-type=\"section\" data-settings=\"{&quot;stretch_section&quot;:&quot;section-stretched&quot;}\">\n\t\t\t\t\t\t<div class=\"elementor-container elementor-column-gap-no\">\n\t\t\t\t\t<div class=\"elementor-column elementor-col-50 elementor-top-column elementor-element elementor-element-1900c9f tstk-bg-color-over-image\" data-id=\"1900c9f\" data-element_type=\"column\" data-e-type=\"column\">\n\t\t\t<div class=\"elementor-widget-wrap elementor-element-populated\">\n\t\t\t\t\t\t<div class=\"elementor-element elementor-element-fa82919 elementor-widget elementor-widget-image\" data-id=\"fa82919\" data-element_type=\"widget\" data-e-type=\"widget\" data-widget_type=\"image.default\">\n\t\t\t\t<div class=\"elementor-widget-container\">\n\t\t\t\t\t\t\t\t\t\t\t\t\t\t\t<img fetchpriority=\"high\" decoding=\"async\" width=\"549\" height=\"735\" src=\"https:\/\/audreyconstruction.com\/wp-content\/uploads\/2025\/07\/DG.jpg\" class=\"attachment-full size-full wp-image-323\" alt=\"\" srcset=\"https:\/\/audreyconstruction.com\/wp-content\/uploads\/2025\/07\/DG.jpg 549w, https:\/\/audreyconstruction.com\/wp-content\/uploads\/2025\/07\/DG-224x300.jpg 224w\" sizes=\"(max-width: 549px) 100vw, 549px\" \/>\t\t\t\t\t\t\t\t\t\t\t\t\t\t\t<\/div>\n\t\t\t\t<\/div>\n\t\t\t\t\t<\/div>\n\t\t<\/div>\n\t\t\t\t<div class=\"elementor-column elementor-col-50 elementor-top-column elementor-element elementor-element-0431f9c tstk-bg-color-over-image\" data-id=\"0431f9c\" data-element_type=\"column\" data-e-type=\"column\">\n\t\t\t<div class=\"elementor-widget-wrap elementor-element-populated\">\n\t\t\t\t\t\t<div class=\"elementor-element elementor-element-eeebc43 tstk-align-left elementor-widget elementor-widget-tstk_heading\" data-id=\"eeebc43\" data-element_type=\"widget\" data-e-type=\"widget\" data-widget_type=\"tstk_heading.default\">\n\t\t\t\t<div class=\"elementor-widget-container\">\n\t\t\t\t\t\t<div class=\"tstk-heading-subheading left-align\"><h2 class=\"tstk-element-title\">\r\n\t\t\t\r\n\t\t\t\tNous construisons sur du Roc\r\n\t\t\t\r\n\t\t\t<\/h2>\r\n\t\t<h4 class=\"tstk-element-subtitle\">\r\n\t\t\t\r\n\t\t\t\tSoci\u00e9t\u00e9 Audrey Construction\r\n\t\t\t\r\n\t\t\t<\/h4>\r\n\t\t<\/div>\t\t\t\t<\/div>\n\t\t\t\t<\/div>\n\t\t\t\t<div class=\"elementor-element elementor-element-b511878 elementor-widget elementor-widget-accordion\" data-id=\"b511878\" data-element_type=\"widget\" data-e-type=\"widget\" data-widget_type=\"accordion.default\">\n\t\t\t\t<div class=\"elementor-widget-container\">\n\t\t\t\t\t\t\t<div class=\"elementor-accordion\">\n\t\t\t\t\t\t\t<div class=\"elementor-accordion-item\">\n\t\t\t\t\t<div id=\"elementor-tab-title-1891\" class=\"elementor-tab-title\" data-tab=\"1\" role=\"button\" aria-controls=\"elementor-tab-content-1891\" aria-expanded=\"false\">\n\t\t\t\t\t\t\t\t\t\t\t\t\t<span class=\"elementor-accordion-icon elementor-accordion-icon-left\" aria-hidden=\"true\">\n\t\t\t\t\t\t\t\t\t\t\t\t\t\t\t<span class=\"elementor-accordion-icon-closed\"><i class=\"fas fa-plus\"><\/i><\/span>\n\t\t\t\t\t\t\t\t<span class=\"elementor-accordion-icon-opened\"><i class=\"fas fa-minus\"><\/i><\/span>\n\t\t\t\t\t\t\t\t\t\t\t\t\t\t<\/span>\n\t\t\t\t\t\t\t\t\t\t\t\t<a class=\"elementor-accordion-title\" tabindex=\"0\">Qui nous sommes<\/a>\n\t\t\t\t\t<\/div>\n\t\t\t\t\t<div id=\"elementor-tab-content-1891\" class=\"elementor-tab-content elementor-clearfix\" data-tab=\"1\" role=\"region\" aria-labelledby=\"elementor-tab-title-1891\"><div id=\"model-response-message-contentr_30edf609a93728f2\" class=\"markdown markdown-main-panel enable-updated-hr-color\" dir=\"ltr\"><p>Audrey Construction est une entreprise de BTP dynamique et de confiance, engag\u00e9e \u00e0 b\u00e2tir l\u2019excellence \u00e0 travers l\u2019innovation, la qualit\u00e9 et l\u2019int\u00e9grit\u00e9. Forte de plusieurs ann\u00e9es d\u2019exp\u00e9rience dans le secteur, nous proposons des solutions compl\u00e8tes dans les domaines r\u00e9sidentiel, commercial et industriel. De la planification initiale \u00e0 la livraison finale, nous donnons vie \u00e0 vos projets \u2013 dans les d\u00e9lais et le respect du budget.<\/p><\/div><\/div>\n\t\t\t\t<\/div>\n\t\t\t\t\t\t\t<div class=\"elementor-accordion-item\">\n\t\t\t\t\t<div id=\"elementor-tab-title-1892\" class=\"elementor-tab-title\" data-tab=\"2\" role=\"button\" aria-controls=\"elementor-tab-content-1892\" aria-expanded=\"false\">\n\t\t\t\t\t\t\t\t\t\t\t\t\t<span class=\"elementor-accordion-icon elementor-accordion-icon-left\" aria-hidden=\"true\">\n\t\t\t\t\t\t\t\t\t\t\t\t\t\t\t<span class=\"elementor-accordion-icon-closed\"><i class=\"fas fa-plus\"><\/i><\/span>\n\t\t\t\t\t\t\t\t<span class=\"elementor-accordion-icon-opened\"><i class=\"fas fa-minus\"><\/i><\/span>\n\t\t\t\t\t\t\t\t\t\t\t\t\t\t<\/span>\n\t\t\t\t\t\t\t\t\t\t\t\t<a class=\"elementor-accordion-title\" tabindex=\"0\">Notre Mission<\/a>\n\t\t\t\t\t<\/div>\n\t\t\t\t\t<div id=\"elementor-tab-content-1892\" class=\"elementor-tab-content elementor-clearfix\" data-tab=\"2\" role=\"region\" aria-labelledby=\"elementor-tab-title-1892\"><div id=\"model-response-message-contentr_7c040e3c1599c5db\" class=\"markdown markdown-main-panel enable-updated-hr-color\" dir=\"ltr\"><p>Fournir des services de construction de haute qualit\u00e9, en mettant l\u2019accent sur la s\u00e9curit\u00e9, la durabilit\u00e9 et la satisfaction client, tout en b\u00e2tissant des partenariats durables et en ayant un impact positif sur les communaut\u00e9s que nous desservons.<\/p><\/div><\/div>\n\t\t\t\t<\/div>\n\t\t\t\t\t\t\t<div class=\"elementor-accordion-item\">\n\t\t\t\t\t<div id=\"elementor-tab-title-1893\" class=\"elementor-tab-title\" data-tab=\"3\" role=\"button\" aria-controls=\"elementor-tab-content-1893\" aria-expanded=\"false\">\n\t\t\t\t\t\t\t\t\t\t\t\t\t<span class=\"elementor-accordion-icon elementor-accordion-icon-left\" aria-hidden=\"true\">\n\t\t\t\t\t\t\t\t\t\t\t\t\t\t\t<span class=\"elementor-accordion-icon-closed\"><i class=\"fas fa-plus\"><\/i><\/span>\n\t\t\t\t\t\t\t\t<span class=\"elementor-accordion-icon-opened\"><i class=\"fas fa-minus\"><\/i><\/span>\n\t\t\t\t\t\t\t\t\t\t\t\t\t\t<\/span>\n\t\t\t\t\t\t\t\t\t\t\t\t<a class=\"elementor-accordion-title\" tabindex=\"0\">Notre Vision<\/a>\n\t\t\t\t\t<\/div>\n\t\t\t\t\t<div id=\"elementor-tab-content-1893\" class=\"elementor-tab-content elementor-clearfix\" data-tab=\"3\" role=\"region\" aria-labelledby=\"elementor-tab-title-1893\"><p>Devenir une r\u00e9f\u00e9rence dans le secteur de la construction, reconnue pour notre savoir-faire, notre fiabilit\u00e9 et notre engagement \u00e0 transformer les id\u00e9es en r\u00e9alit\u00e9.<\/p><\/div>\n\t\t\t\t<\/div>\n\t\t\t\t\t\t\t<div class=\"elementor-accordion-item\">\n\t\t\t\t\t<div id=\"elementor-tab-title-1894\" class=\"elementor-tab-title\" data-tab=\"4\" role=\"button\" aria-controls=\"elementor-tab-content-1894\" aria-expanded=\"false\">\n\t\t\t\t\t\t\t\t\t\t\t\t\t<span class=\"elementor-accordion-icon elementor-accordion-icon-left\" aria-hidden=\"true\">\n\t\t\t\t\t\t\t\t\t\t\t\t\t\t\t<span class=\"elementor-accordion-icon-closed\"><i class=\"fas fa-plus\"><\/i><\/span>\n\t\t\t\t\t\t\t\t<span class=\"elementor-accordion-icon-opened\"><i class=\"fas fa-minus\"><\/i><\/span>\n\t\t\t\t\t\t\t\t\t\t\t\t\t\t<\/span>\n\t\t\t\t\t\t\t\t\t\t\t\t<a class=\"elementor-accordion-title\" tabindex=\"0\">Nos Valeurs<\/a>\n\t\t\t\t\t<\/div>\n\t\t\t\t\t<div id=\"elementor-tab-content-1894\" class=\"elementor-tab-content elementor-clearfix\" data-tab=\"4\" role=\"region\" aria-labelledby=\"elementor-tab-title-1894\"><ul><li><strong>INT\u00c9GRIT\u00c9 :<\/strong> Nous b\u00e2tissons la confiance par l\u2019honn\u00eatet\u00e9, la transparence et la performance constante.<\/li><li><p><strong>QUALIT\u00c9 :<\/strong> L\u2019excellence est la base de tout ce que nous\nconstruisons.<\/p><\/li><li><p><strong>S\u00c9CURIT\u00c9 :<\/strong> La s\u00e9curit\u00e9 est notre priorit\u00e9 \u2013 pour notre \u00e9quipe, nos clients et l\u2019environnement.<\/p><\/li><li><p><strong>ESPRIT D\u2019\u00c9QUIPE :<\/strong> La collaboration est au c\u0153ur de notre r\u00e9ussite, en interne comme avec nos clients<\/p><\/li><\/ul><\/div>\n\t\t\t\t<\/div>\n\t\t\t\t\t\t\t\t<\/div>\n\t\t\t\t\t\t<\/div>\n\t\t\t\t<\/div>\n\t\t\t\t\t<\/div>\n\t\t<\/div>\n\t\t\t\t\t<\/div>\n\t\t<\/section>\n\t\t\t\t<section class=\"elementor-section elementor-top-section elementor-element elementor-element-da42b86 tstk-bg-color-yes tstk-elementor-bg-color-light elementor-section-stretched tstk-col-stretched-none tstk-bg-color-over-image elementor-section-boxed elementor-section-height-default elementor-section-height-default\" data-id=\"da42b86\" data-element_type=\"section\" data-e-type=\"section\" data-settings=\"{&quot;stretch_section&quot;:&quot;section-stretched&quot;}\">\n\t\t\t\t\t\t<div class=\"elementor-container elementor-column-gap-no\">\n\t\t\t\t\t<div class=\"elementor-column elementor-col-100 elementor-top-column elementor-element elementor-element-88a5905 tstk-bg-color-over-image\" data-id=\"88a5905\" data-element_type=\"column\" data-e-type=\"column\">\n\t\t\t<div class=\"elementor-widget-wrap elementor-element-populated\">\n\t\t\t\t\t\t<div class=\"elementor-element elementor-element-b57825c tstk-align-center elementor-widget elementor-widget-tstk_heading\" data-id=\"b57825c\" data-element_type=\"widget\" data-e-type=\"widget\" data-widget_type=\"tstk_heading.default\">\n\t\t\t\t<div class=\"elementor-widget-container\">\n\t\t\t\t\t\t<div class=\"tstk-heading-subheading center-align tstk-reverse-heading-yes\"><h4 class=\"tstk-element-subtitle\">\r\n\t\t\t\r\n\t\t\t\tNotre Historique\r\n\t\t\t\r\n\t\t\t<\/h4>\r\n\t\t<h2 class=\"tstk-element-title\">\r\n\t\t\t\r\n\t\t\t\tComment Nous Avons Commenc\u00e9 \r\n\t\t\t\r\n\t\t\t<\/h2>\r\n\t\t<\/div>\t\t\t\t<\/div>\n\t\t\t\t<\/div>\n\t\t\t\t<div class=\"elementor-element elementor-element-bf24bb0 elementor-widget elementor-widget-tstk_timeline_element\" data-id=\"bf24bb0\" data-element_type=\"widget\" data-e-type=\"widget\" data-widget_type=\"tstk_timeline_element.default\">\n\t\t\t\t<div class=\"elementor-widget-container\">\n\t\t\t\t\t\r\n\t\t<div class=\"tstk-timeline\">\r\n\t\t\t<div class=\"tstk-ele-header-area\">\r\n\t\t\t\t\t<div class=\"tstk-heading-subheading left-align\"><\/div>\t\t\t<\/div>\r\n\t\t\t<div class=\"tstk-first-timeline\"><\/div>\r\n\t\t\t<div class=\"tstk-timeline-post-items\">\r\n\t\t\t\t\r\n\t\t\t\t\t\t<div class=\"tstk-timeline-inner\">\r\n\t\t\t\t\t\t\t<div class=\"col-sm-12 tstk-ourhistory-type2\">\r\n\t\t\t\t\t\t\t\t<div class=\"row tstk-ourhistory-row\">\r\n\t\t\t\t\t\t\t\t\t<div class=\"col-md-5 col-sm-12 col-xs-5 tstk-ourhistory-right\">\t\t\t\t\t\t\t\t\r\n\t\t\t\t\t\t\t\t\t\t<span class=\"label\">2017<\/span>\r\n\t\t\t\t\t\t\t\t\t\t<div class=\"content\">\r\n\t\t\t\t\t\t\t\t\t\t\t<h4>Origine de l'Entreprise<\/h4>\r\n\t\t\t\t\t\t\t\t\t\t\t<div class=\"simple-text\">\r\n\t\t\t\t\t\t\t\t\t\t\t\t<p>Audrey Construction a \u00e9t\u00e9 fond\u00e9e il y a plus de 7 ans par Madame Audrey KOUMA Epse NKOANE, une passionn\u00e9e du b\u00e2timent avec une vaste expertise dans les domaines de la construction, du g\u00e9nie civil et des travaux publics.<\/p>\r\n\t\t\t\t\t\t\t\t\t\t\t<\/div>\r\n\t\t\t\t\t\t\t\t\t\t\t<!-- <img decoding=\"async\" src=\"http:\/\/audreyconstruction.com\/wp-content\/uploads\/2025\/07\/Artboard-1.png\" alt=\"Origin of the Company\" \/> -->\r\n\t\t\t\t\t\t\t\t\t\t<\/div>\r\n\t\t\t\t\t\t\t\t\t<\/div>\r\n\t\t\t\t\t\t\t\t\t<div class=\"col-md-2 tstk-ourhistory-center\">\r\n\t\t\t\t\t\t\t\t\t\t<span class=\"label\">2017<\/span>\r\n\t\t\t\t\t\t\t\t\t<\/div>\r\n\t\t\t\t\t\t\t\t\t<div class=\"col-md-5 tstk-ourhistory-left\">\r\n\t\t\t\t\t\t\t\t\t\t<span class=\"tstk-timeline-image\"><img decoding=\"async\" src=\"http:\/\/audreyconstruction.com\/wp-content\/uploads\/2025\/07\/Artboard-1.png\" alt=\"Origin of the Company\" \/><\/span>\r\n\t\t\t\t\t\t\t\t\t<\/div>\r\n\t\t\t\t\t\t\t\t<\/div>\r\n\t\t\t\t\t\t\t<\/div>\r\n\t\t\t\t\t\t<\/div>\r\n\r\n\t\t\t\t\t\r\n\t\t\t\t\t\t<div class=\"tstk-timeline-inner\">\r\n\t\t\t\t\t\t\t<div class=\"col-sm-12 tstk-ourhistory-type2\">\r\n\t\t\t\t\t\t\t\t<div class=\"row tstk-ourhistory-row\">\r\n\t\t\t\t\t\t\t\t\t<div class=\"col-md-5 col-sm-12 col-xs-5 tstk-ourhistory-right\">\t\t\t\t\t\t\t\t\r\n\t\t\t\t\t\t\t\t\t\t<span class=\"label\">2022<\/span>\r\n\t\t\t\t\t\t\t\t\t\t<div class=\"content\">\r\n\t\t\t\t\t\t\t\t\t\t\t<h4>Expansion strat\u00e9gique et pr\u00e9sence locale<\/h4>\r\n\t\t\t\t\t\t\t\t\t\t\t<div class=\"simple-text\">\r\n\t\t\t\t\t\t\t\t\t\t\t\t<p>Audrey Construction a strat\u00e9giquement \u00e9tendu sa port\u00e9e en p\u00e9n\u00e9trant de nouveaux march\u00e9s, notamment marqu\u00e9s par l'ouverture de son bureau de Moanda. Ce d\u00e9veloppement important permet \u00e0 l'entreprise de mieux servir ses clients locaux et nationaux, am\u00e9liorant ainsi l'accessibilit\u00e9 et la r\u00e9activit\u00e9. <\/p>\r\n\t\t\t\t\t\t\t\t\t\t\t<\/div>\r\n\t\t\t\t\t\t\t\t\t\t\t<!-- <img decoding=\"async\" src=\"http:\/\/audreyconstruction.com\/wp-content\/uploads\/2025\/07\/Artboard-1-copy.png\" alt=\"Strategic Expansion and Local Presence\" \/> -->\r\n\t\t\t\t\t\t\t\t\t\t<\/div>\r\n\t\t\t\t\t\t\t\t\t<\/div>\r\n\t\t\t\t\t\t\t\t\t<div class=\"col-md-2 tstk-ourhistory-center\">\r\n\t\t\t\t\t\t\t\t\t\t<span class=\"label\">2022<\/span>\r\n\t\t\t\t\t\t\t\t\t<\/div>\r\n\t\t\t\t\t\t\t\t\t<div class=\"col-md-5 tstk-ourhistory-left\">\r\n\t\t\t\t\t\t\t\t\t\t<span class=\"tstk-timeline-image\"><img decoding=\"async\" src=\"http:\/\/audreyconstruction.com\/wp-content\/uploads\/2025\/07\/Artboard-1-copy.png\" alt=\"Strategic Expansion and Local Presence\" \/><\/span>\r\n\t\t\t\t\t\t\t\t\t<\/div>\r\n\t\t\t\t\t\t\t\t<\/div>\r\n\t\t\t\t\t\t\t<\/div>\r\n\t\t\t\t\t\t<\/div>\r\n\r\n\t\t\t\t\t\r\n\t\t\t\t\t\t<div class=\"tstk-timeline-inner\">\r\n\t\t\t\t\t\t\t<div class=\"col-sm-12 tstk-ourhistory-type2\">\r\n\t\t\t\t\t\t\t\t<div class=\"row tstk-ourhistory-row\">\r\n\t\t\t\t\t\t\t\t\t<div class=\"col-md-5 col-sm-12 col-xs-5 tstk-ourhistory-right\">\t\t\t\t\t\t\t\t\r\n\t\t\t\t\t\t\t\t\t\t<span class=\"label\">2023<\/span>\r\n\t\t\t\t\t\t\t\t\t\t<div class=\"content\">\r\n\t\t\t\t\t\t\t\t\t\t\t<h4>Grande\nr\u00e9alisation<\/h4>\r\n\t\t\t\t\t\t\t\t\t\t\t<div class=\"simple-text\">\r\n\t\t\t\t\t\t\t\t\t\t\t\t<p>Le d\u00e9veloppement du d\u00e9partement des travaux publics a marqu\u00e9 une \u00e9tape importante pour Audrey Construction, menant \u00e0 la r\u00e9alisation r\u00e9ussie de ses premiers projets majeurs. Ceux-ci incluent la r\u00e9habilitation de Basile ONDIMBA et la restauration de l'\u00c9cole des Travaux Publics.<\/p>\r\n\t\t\t\t\t\t\t\t\t\t\t<\/div>\r\n\t\t\t\t\t\t\t\t\t\t\t<!-- <img decoding=\"async\" src=\"http:\/\/audreyconstruction.com\/wp-content\/uploads\/2025\/07\/Artboard-1-copy-2.png\" alt=\"Major Projects Completion\" \/> -->\r\n\t\t\t\t\t\t\t\t\t\t<\/div>\r\n\t\t\t\t\t\t\t\t\t<\/div>\r\n\t\t\t\t\t\t\t\t\t<div class=\"col-md-2 tstk-ourhistory-center\">\r\n\t\t\t\t\t\t\t\t\t\t<span class=\"label\">2023<\/span>\r\n\t\t\t\t\t\t\t\t\t<\/div>\r\n\t\t\t\t\t\t\t\t\t<div class=\"col-md-5 tstk-ourhistory-left\">\r\n\t\t\t\t\t\t\t\t\t\t<span class=\"tstk-timeline-image\"><img decoding=\"async\" src=\"http:\/\/audreyconstruction.com\/wp-content\/uploads\/2025\/07\/Artboard-1-copy-2.png\" alt=\"Major Projects Completion\" \/><\/span>\r\n\t\t\t\t\t\t\t\t\t<\/div>\r\n\t\t\t\t\t\t\t\t<\/div>\r\n\t\t\t\t\t\t\t<\/div>\r\n\t\t\t\t\t\t<\/div>\r\n\r\n\t\t\t\t\t\r\n\t\t\t\t\t\t<div class=\"tstk-timeline-inner\">\r\n\t\t\t\t\t\t\t<div class=\"col-sm-12 tstk-ourhistory-type2\">\r\n\t\t\t\t\t\t\t\t<div class=\"row tstk-ourhistory-row\">\r\n\t\t\t\t\t\t\t\t\t<div class=\"col-md-5 col-sm-12 col-xs-5 tstk-ourhistory-right\">\t\t\t\t\t\t\t\t\r\n\t\t\t\t\t\t\t\t\t\t<span class=\"label\">2024<\/span>\r\n\t\t\t\t\t\t\t\t\t\t<div class=\"content\">\r\n\t\t\t\t\t\t\t\t\t\t\t<h4>Diversification des services<\/h4>\r\n\t\t\t\t\t\t\t\t\t\t\t<div class=\"simple-text\">\r\n\t\t\t\t\t\t\t\t\t\t\t\t<p>Audrey Construction a \u00e9largi sa gamme de services en cr\u00e9ant le d\u00e9partement \u00c9tudes et Conception\". Cette nouvelle division a \u00e9t\u00e9 mise en place pour offrir aux clients une solution compl\u00e8te qui couvre chaque \u00e9tape d'un projet \u2014 de la conception initiale et des \u00e9tudes de faisabilit\u00e9 \u00e0 l'ex\u00e9cution finale et \u00e0 la livraison. <\/p>\r\n\t\t\t\t\t\t\t\t\t\t\t<\/div>\r\n\t\t\t\t\t\t\t\t\t\t\t<!-- <img decoding=\"async\" src=\"http:\/\/audreyconstruction.com\/wp-content\/uploads\/2025\/07\/Artboard-1-copy-3.png\" alt=\"Service Diversification\" \/> -->\r\n\t\t\t\t\t\t\t\t\t\t<\/div>\r\n\t\t\t\t\t\t\t\t\t<\/div>\r\n\t\t\t\t\t\t\t\t\t<div class=\"col-md-2 tstk-ourhistory-center\">\r\n\t\t\t\t\t\t\t\t\t\t<span class=\"label\">2024<\/span>\r\n\t\t\t\t\t\t\t\t\t<\/div>\r\n\t\t\t\t\t\t\t\t\t<div class=\"col-md-5 tstk-ourhistory-left\">\r\n\t\t\t\t\t\t\t\t\t\t<span class=\"tstk-timeline-image\"><img decoding=\"async\" src=\"http:\/\/audreyconstruction.com\/wp-content\/uploads\/2025\/07\/Artboard-1-copy-3.png\" alt=\"Service Diversification\" \/><\/span>\r\n\t\t\t\t\t\t\t\t\t<\/div>\r\n\t\t\t\t\t\t\t\t<\/div>\r\n\t\t\t\t\t\t\t<\/div>\r\n\t\t\t\t\t\t<\/div>\r\n\r\n\t\t\t\t\t\t\t\t<\/div>\r\n\t\t\t<div class=\"tstk-last-timeline\"><\/div>\r\n\t\t<\/div>\r\n\t    \t\t\t\t<\/div>\n\t\t\t\t<\/div>\n\t\t\t\t\t<\/div>\n\t\t<\/div>\n\t\t\t\t\t<\/div>\n\t\t<\/section>\n\t\t\t\t<\/div>","protected":false},"excerpt":{"rendered":"<p>We Build on Solid Ground. Audrey Construction Company ABOUT US Audrey Construction is a dynamic and trusted construction company committed to building excellence through innovation, quality, and integrity. With several years of experience in the sector, we offer comprehensive solutions in the residential, commercial, and industrial fields. From initial planning to final delivery, we bring your projects to life\u2014on time and on budget. OUR MISSION Provide high-quality construction services, focusing[&hellip;]<\/p>\n","protected":false},"author":1,"featured_media":0,"parent":0,"menu_order":3,"comment_status":"closed","ping_status":"closed","template":"","meta":{"_acf_changed":false,"footnotes":""},"class_list":["post-65","page","type-page","status-publish","hentry"],"acf":[],"_links":{"self":[{"href":"https:\/\/audreyconstruction.com\/fr\/wp-json\/wp\/v2\/pages\/65","targetHints":{"allow":["GET"]}}],"collection":[{"href":"https:\/\/audreyconstruction.com\/fr\/wp-json\/wp\/v2\/pages"}],"about":[{"href":"https:\/\/audreyconstruction.com\/fr\/wp-json\/wp\/v2\/types\/page"}],"author":[{"embeddable":true,"href":"https:\/\/audreyconstruction.com\/fr\/wp-json\/wp\/v2\/users\/1"}],"replies":[{"embeddable":true,"href":"https:\/\/audreyconstruction.com\/fr\/wp-json\/wp\/v2\/comments?post=65"}],"version-history":[{"count":40,"href":"https:\/\/audreyconstruction.com\/fr\/wp-json\/wp\/v2\/pages\/65\/revisions"}],"predecessor-version":[{"id":644,"href":"https:\/\/audreyconstruction.com\/fr\/wp-json\/wp\/v2\/pages\/65\/revisions\/644"}],"wp:attachment":[{"href":"https:\/\/audreyconstruction.com\/fr\/wp-json\/wp\/v2\/media?parent=65"}],"curies":[{"name":"wp","href":"https:\/\/api.w.org\/{rel}","templated":true}]}}